{"id":264,"date":"2015-08-27T10:18:04","date_gmt":"2015-08-27T07:18:04","guid":{"rendered":"http:\/\/www.lenta.ee\/potsataja\/rus\/?page_id=264"},"modified":"2023-09-30T17:29:22","modified_gmt":"2023-09-30T14:29:22","slug":"delfiinid","status":"publish","type":"page","link":"https:\/\/potsataja.edu.ee\/rus\/delfiinid\/","title":{"rendered":"\u0415\u0436\u0430\u0442\u0430"},"content":{"rendered":"<table class=\" aligncenter\" style=\"width: 650px;\" cellspacing=\"0\" cellpadding=\"0\">\n<tbody>\n<tr>\n<td style=\"width: 650px; height: 140px; text-align: center; font-size: 32px; font-family: 'Comfortaa', cursive; \/* line-height: 161px; *\/ background: url('http:\/\/www.lenta.ee\/potsataja\/bg_top.png'); vertical-align: middle;\" rowspan=\"2\"><strong><br \/>\n\u0413\u0440\u0443\u043f\u043f\u0430 \u201e\u0415\u0436\u0430\u0442\u0430\u201c (5-6 \u043b\u0435\u0442)<\/strong><\/p>\n<p><a href=\"https:\/\/potsataja.edu.ee\/rus\/wp-content\/uploads\/2021\/09\/siil2.png\"><img loading=\"lazy\" decoding=\"async\" class=\"alignnone size-medium wp-image-4601\" src=\"https:\/\/potsataja.edu.ee\/rus\/wp-content\/uploads\/2021\/09\/siil2-208x300.png\" alt=\"\" width=\"208\" height=\"300\" srcset=\"https:\/\/potsataja.edu.ee\/rus\/wp-content\/uploads\/2021\/09\/siil2-208x300.png 208w, https:\/\/potsataja.edu.ee\/rus\/wp-content\/uploads\/2021\/09\/siil2.png 282w\" sizes=\"(max-width: 208px) 100vw, 208px\" \/><\/a><\/p>\n<table class=\" aligncenter\" style=\"width: 65.8458%; font-size: 12px; font-family: Verdana, cursive; height: 36px;\">\n<tbody>\n<tr style=\"height: 18px;\">\n<td style=\"width: 136px; height: 18px;\"><\/td>\n<td style=\"width: 137px; height: 18px;\"><\/td>\n<td style=\"width: 136px; height: 18px;\"><\/td>\n<\/tr>\n<tr style=\"height: 18px;\">\n<td style=\"text-align: center; width: 109px; height: 18px;\"><\/td>\n<td style=\"text-align: center; width: 112px; height: 18px;\"><\/td>\n<td style=\"text-align: center; width: 115px; height: 18px;\"><\/td>\n<\/tr>\n<\/tbody>\n<\/table>\n<div style=\"font-size: 12px;\">\n<h3><strong>\u041f\u0435\u0440\u0441\u043e\u043d\u0430\u043b \u0433\u0440\u0443\u043f\u043f\u044b<\/strong><\/h3>\n\n<table id=\"tablepress-55\" class=\"tablepress tablepress-id-55\">\n<tbody class=\"row-striping row-hover\">\n<tr class=\"row-1\">\n\t<td class=\"column-1\">\u0423\u0447\u0438\u0442\u0435\u043b\u044c<\/td><td class=\"column-2\">\u041d\u0438\u043d\u0430 \u042f\u043d\u0441\u043e\u043d<\/td>\n<\/tr>\n<tr class=\"row-2\">\n\t<td class=\"column-1\">\u0423\u0447\u0438\u0442\u0435\u043b\u044c<\/td><td class=\"column-2\">\u0418\u0440\u0438\u043d\u0430 \u0412\u043e\u043b\u043a\u043e\u0432\u0430<\/td>\n<\/tr>\n<tr class=\"row-3\">\n\t<td class=\"column-1\">\u041f\u043e\u043c\u043e\u0449\u043d\u0438\u043a \u0443\u0447\u0438\u0442\u0435\u043b\u044f<\/td><td class=\"column-2\">\u041e\u043a\u0441\u0430\u043d\u0430 \u0414\u0438\u043a\u0430\u0440\u0451\u0432\u0430<\/td>\n<\/tr>\n<\/tbody>\n<\/table>\n<!-- #tablepress-55 from cache -->\n<h3 class=\"western\"><b>\u0420\u0435\u0436\u0438\u043c \u0434\u043d\u044f<\/b><\/h3>\n<p class=\"western\"><span style=\"font-size: small;\">\n<table id=\"tablepress-13\" class=\"tablepress tablepress-id-13\">\n<thead>\n<tr class=\"row-1\">\n\t<th class=\"column-1\"><strong>\u0420\u0435\u0436\u0438\u043c \u0434\u043d\u044f<\/strong><\/th><td class=\"column-2\"><\/td><th class=\"column-3\"><strong>P\u00e4evakava<\/strong><\/th>\n<\/tr>\n<\/thead>\n<tbody class=\"row-striping row-hover\">\n<tr class=\"row-2\">\n\t<td class=\"column-1\">\u041f\u0440\u0438\u0451\u043c, \u0438\u0433\u0440\u044b<\/td><td class=\"column-2\">6.30 - 8.00<\/td><td class=\"column-3\">Vastuv\u00f5tmine, m\u00e4ngud<\/td>\n<\/tr>\n<tr class=\"row-3\">\n\t<td class=\"column-1\">\u0423\u0442\u0440\u0435\u043d\u043d\u044f\u044f \u0433\u0438\u043c\u043d\u0430\u0441\u0442\u0438\u043a\u0430<\/td><td class=\"column-2\">8.00 \u2013 8.15 <\/td><td class=\"column-3\">V\u00f5imlemine<\/td>\n<\/tr>\n<tr class=\"row-4\">\n\t<td class=\"column-1\">\u0421\u0432\u043e\u0431\u043e\u0434\u043d\u0430\u044f \u0434\u0435\u044f\u0442\u0435\u043b\u044c\u043d\u043e\u0441\u0442\u044c<\/td><td class=\"column-2\">8.15 - 8.25<\/td><td class=\"column-3\">Vabategevus<\/td>\n<\/tr>\n<tr class=\"row-5\">\n\t<td class=\"column-1\">\u0417\u0430\u0432\u0442\u0440\u0430\u043a<\/td><td class=\"column-2\">8.25 \u2013 8.50<\/td><td class=\"column-3\">Hommikueine<\/td>\n<\/tr>\n<tr class=\"row-6\">\n\t<td class=\"column-1\">\u0421\u0432\u043e\u0431\u043e\u0434\u043d\u0430\u044f \u0434\u0435\u044f\u0442\u0435\u043b\u044c\u043d\u043e\u0441\u0442\u044c<\/td><td class=\"column-2\">8.50 \u2013 9.00 <\/td><td class=\"column-3\">Vabategevus<\/td>\n<\/tr>\n<tr class=\"row-7\">\n\t<td class=\"column-1\">\u0417\u0430\u043d\u044f\u0442\u0438\u044f<\/td><td class=\"column-2\">9.00 \u2013 10.40<\/td><td class=\"column-3\">Tegevused<\/td>\n<\/tr>\n<tr class=\"row-8\">\n\t<td class=\"column-1\">\u041f\u043e\u0434\u0433\u043e\u0442\u043e\u0432\u043a\u0430 \u043a \u043f\u0440\u043e\u0433\u0443\u043b\u043a\u0435, \u043f\u0440\u043e\u0433\u0443\u043b\u043a\u0430<\/td><td class=\"column-2\">10.40 \u2013 12.00<\/td><td class=\"column-3\">Ettevalmistamine jalutusk\u00e4iguks, <br \/>\njalutusk\u00e4ik<\/td>\n<\/tr>\n<tr class=\"row-9\">\n\t<td class=\"column-1\">\u0412\u043e\u0437\u0432\u0440\u0430\u0449\u0435\u043d\u0438\u0435 \u0441 \u043f\u0440\u043e\u0433\u0443\u043b\u043a\u0438<\/td><td class=\"column-2\">12.00 \u2013 12.20<\/td><td class=\"column-3\">Tagasitulek jalutusk\u00e4igult<\/td>\n<\/tr>\n<tr class=\"row-10\">\n\t<td class=\"column-1\">\u041e\u0431\u0435\u0434<\/td><td class=\"column-2\">12.20 \u2013 13.00<\/td><td class=\"column-3\">L\u00f5una<\/td>\n<\/tr>\n<tr class=\"row-11\">\n\t<td class=\"column-1\">\u0421\u043e\u043d<\/td><td class=\"column-2\">13.00 - 15.00<\/td><td class=\"column-3\">Uni<\/td>\n<\/tr>\n<tr class=\"row-12\">\n\t<td class=\"column-1\">\u041f\u043e\u0441\u0442\u0435\u043f\u0435\u043d\u043d\u044b\u0439 \u043f\u043e\u0434\u044a\u0451\u043c, \u0441\u0432\u043e\u0431\u043e\u0434\u043d\u0430\u044f<br \/>\n \u0434\u0435\u044f\u0442\u0435\u043b\u044c\u043d\u043e\u0441\u0442\u044c, \u0438\u0433\u0440\u044b<\/td><td class=\"column-2\">15.00 \u2013 15.50<\/td><td class=\"column-3\">\u00dclest\u00f5usmine, vabategevus, m\u00e4ngud<\/td>\n<\/tr>\n<tr class=\"row-13\">\n\t<td class=\"column-1\">\u041f\u043e\u043b\u0434\u043d\u0438\u043a<\/td><td class=\"column-2\">15.50 \u2013 16.20<\/td><td class=\"column-3\">\u00d5htuoode<\/td>\n<\/tr>\n<tr class=\"row-14\">\n\t<td class=\"column-1\">\u0418\u0433\u0440\u044b, \u0441\u0432\u043e\u0431\u043e\u0434\u043d\u0430\u044f \u0434\u0435\u044f\u0442\u0435\u043b\u044c\u043d\u043e\u0441\u0442\u044c<\/td><td class=\"column-2\">16.20 \u2013 17.00<\/td><td class=\"column-3\">M\u00e4ngud, vabategevus<\/td>\n<\/tr>\n<tr class=\"row-15\">\n\t<td class=\"column-1\">\u041f\u0440\u043e\u0433\u0443\u043b\u043a\u0430 <\/td><td class=\"column-2\">17.00 \u2013 17.40<\/td><td class=\"column-3\">Jalutusk\u00e4ik<\/td>\n<\/tr>\n<tr class=\"row-16\">\n\t<td class=\"column-1\">C\u0432\u043e\u0431\u043e\u0434\u043d\u0430\u044f \u0434\u0435\u044f\u0442\u0435\u043b\u044c\u043d\u043e\u0441\u0442\u044c, \u0443\u0445\u043e\u0434 \u0434\u043e\u043c\u043e\u0439<\/td><td class=\"column-2\">17.40 \u2013 18.30<\/td><td class=\"column-3\">Vabategevus, kojuminek<\/td>\n<\/tr>\n<\/tbody>\n<\/table>\n<!-- #tablepress-13 from cache --><\/span><\/p>\n<h3 class=\"western\"><b>\u0420\u0430\u0441\u043f\u0438\u0441\u0430\u043d\u0438\u0435 \u0437\u0430\u043d\u044f\u0442\u0438\u0439<\/b><\/h3>\n<p class=\"western\">\n<table id=\"tablepress-11\" class=\"tablepress tablepress-id-11\">\n<thead>\n<tr class=\"row-1\">\n\t<th class=\"column-1\"><strong>\u0420\u0430\u0441\u043f\u0438\u0441\u0430\u043d\u0438\u0435 \u0437\u0430\u043d\u044f\u0442\u0438\u0439<\/strong><\/th><td class=\"column-2\"><\/td><th class=\"column-3\"><strong>\u00d5ppetegevused<\/strong><\/th>\n<\/tr>\n<\/thead>\n<tbody class=\"row-striping row-hover\">\n<tr class=\"row-2\">\n\t<td class=\"column-1\"><strong>\u041f\u043e\u043d\u0435\u0434\u0435\u043b\u044c\u043d\u0438\u043a<\/strong><br \/>\r\n\u042f\u0437\u044b\u043a \u0438 \u0440\u0435\u0447\u044c\/\u0418\u0441\u043a\u0443\u0441\u0441\u0442\u0432\u043e (\u0438\u043d\u0442\u0435\u0433\u0440. \u0437\u0430\u043d\u044f\u0442\u0438\u0435)<br \/>\r\n\u0414\u0432\u0438\u0436\u0435\u043d\u0438\u0435 (\u043d\u0430 \u0443\u043b\u0438\u0446\u0435)<\/td><td class=\"column-2\">.<br \/>\r\n9:00<br \/>\r\n11:45<\/td><td class=\"column-3\"><strong>Esmasp\u00e4ev<\/strong><br \/>\r\nKeel ja k\u00f5ne\/ Kunst (Integr. tegevus)<br \/>\r\nLiikumine (\u00f5ues)<\/td>\n<\/tr>\n<tr class=\"row-3\">\n\t<td class=\"column-1\"><strong>\u0412\u0442\u043e\u0440\u043d\u0438\u043a<\/strong><br \/>\r\n\u041c\u0430\u0442\u0435\u043c\u0430\u0442\u0438\u043a\u0430\/\u042f \u0438 \u0441\u0440\u0435\u0434\u0430 (\u0438\u043d\u0442\u0435\u0433\u0440.<br \/>\r\n\u0437\u0430\u043d\u044f\u0442\u0438\u0435)<br \/>\r\n\u041c\u0443\u0437\u044b\u043a\u0430<br \/>\r\n\u042d\u0441\u0442\u043e\u043d\u0441\u043a\u0438\u0439 \u044f\u0437\u044b\u043a \u0447\u0435\u0440\u0435\u0437 \u043c\u0443\u0437\u044b\u043a\u0443<\/td><td class=\"column-2\">.<br \/>\r\n9:00<br \/>\r\n9:30<br \/>\r\n12:05<\/td><td class=\"column-3\"><strong>Teisip\u00e4ev<\/strong><br \/>\r\nMatemaatika\/Mina ja keskkond (Integr. tegevus)<br \/>\r\nMuusika<br \/>\r\nEesti keel l\u00e4bi muusika<\/td>\n<\/tr>\n<tr class=\"row-4\">\n\t<td class=\"column-1\"><strong>\u0421\u0440\u0435\u0434\u0430<\/strong><br \/>\r\n\u042f\u0437\u044b\u043a \u0438 \u0440\u0435\u0447\u044c<br \/>\r\n\u0414\u0432\u0438\u0436\u0435\u043d\u0438\u0435<\/td><td class=\"column-2\">.<br \/>\r\n9:00<br \/>\r\n10:10<\/td><td class=\"column-3\"><strong>Kolmap\u00e4ev<\/strong><br \/>\r\nKeel ja k\u00f5ne<br \/>\r\nLiikumine<\/td>\n<\/tr>\n<tr class=\"row-5\">\n\t<td class=\"column-1\"><strong>\u0427\u0435\u0442\u0432\u0435\u0440\u0433<\/strong><br \/>\r\n\u041c\u0430\u0442\u0435\u043c\u0430\u0442\u0438\u043a\u0430<br \/>\r\n\u041c\u0443\u0437\u044b\u043a\u0430<\/td><td class=\"column-2\">.<br \/>\r\n9:00<br \/>\r\n10:10<\/td><td class=\"column-3\"><strong>Neljap\u00e4ev<\/strong><br \/>\r\nMatemaatika<br \/>\r\nMuusika<\/td>\n<\/tr>\n<tr class=\"row-6\">\n\t<td class=\"column-1\"><strong>\u041f\u044f\u0442\u043d\u0438\u0446\u0430<\/strong><br \/>\r\n\u042f\u0437\u044b\u043a \u0438 \u0440\u0435\u0447\u044c\/\u0418\u0441\u043a\u0443\u0441\u0441\u0442\u0432\u043e (\u0438\u043d\u0442\u0435\u0433\u0440. \u0437\u0430\u043d\u044f\u0442\u0438\u0435)<br \/>\r\n\u0414\u0432\u0438\u0436\u0435\u043d\u0438\u0435<\/td><td class=\"column-2\">.<br \/>\r\n9:00<br \/>\r\n10:10<\/td><td class=\"column-3\"><strong>Reede<\/strong><br \/>\r\nKeel ja k\u00f5ne\/ Kunst (Integr. tegevus)<br \/>\r\nLiikumine<\/td>\n<\/tr>\n<\/tbody>\n<\/table>\n<!-- #tablepress-11 from cache --><\/p>\n<\/div>\n<\/td>\n<\/tr>\n<\/tbody>\n<tbody>\n<tr>\n<td style=\"width: 650px; height: 301px; text-align: center; font-size: 32px; font-family: 'Comfortaa', cursive; \/* line-height: 161px; *\/ background: url('http:\/\/www.lenta.ee\/potsataja\/footer.png'); vertical-align: middle;\" rowspan=\"2\"><\/td>\n<\/tr>\n<\/tbody>\n<\/table>\n","protected":false},"excerpt":{"rendered":"<p>\u0413\u0440\u0443\u043f\u043f\u0430 \u201e\u0415\u0436\u0430\u0442\u0430\u201c (5-6 \u043b\u0435\u0442) \u041f\u0435\u0440\u0441\u043e\u043d\u0430\u043b \u0433\u0440\u0443\u043f\u043f\u044b \u0420\u0435\u0436\u0438\u043c \u0434\u043d\u044f \u0420\u0430\u0441\u043f\u0438\u0441\u0430\u043d\u0438\u0435 \u0437\u0430\u043d\u044f\u0442\u0438\u0439<\/p>\n","protected":false},"author":1,"featured_media":0,"parent":0,"menu_order":0,"comment_status":"open","ping_status":"closed","template":"","meta":{"footnotes":""},"_links":{"self":[{"href":"https:\/\/potsataja.edu.ee\/rus\/wp-json\/wp\/v2\/pages\/264"}],"collection":[{"href":"https:\/\/potsataja.edu.ee\/rus\/wp-json\/wp\/v2\/pages"}],"about":[{"href":"https:\/\/potsataja.edu.ee\/rus\/wp-json\/wp\/v2\/types\/page"}],"author":[{"embeddable":true,"href":"https:\/\/potsataja.edu.ee\/rus\/wp-json\/wp\/v2\/users\/1"}],"replies":[{"embeddable":true,"href":"https:\/\/potsataja.edu.ee\/rus\/wp-json\/wp\/v2\/comments?post=264"}],"version-history":[{"count":72,"href":"https:\/\/potsataja.edu.ee\/rus\/wp-json\/wp\/v2\/pages\/264\/revisions"}],"predecessor-version":[{"id":5468,"href":"https:\/\/potsataja.edu.ee\/rus\/wp-json\/wp\/v2\/pages\/264\/revisions\/5468"}],"wp:attachment":[{"href":"https:\/\/potsataja.edu.ee\/rus\/wp-json\/wp\/v2\/media?parent=264"}],"curies":[{"name":"wp","href":"https:\/\/api.w.org\/{rel}","templated":true}]}}