{"id":266,"date":"2015-08-27T10:18:34","date_gmt":"2015-08-27T07:18:34","guid":{"rendered":"http:\/\/www.lenta.ee\/potsataja\/rus\/?page_id=266"},"modified":"2023-09-30T17:12:32","modified_gmt":"2023-09-30T14:12:32","slug":"tibukesed","status":"publish","type":"page","link":"https:\/\/potsataja.edu.ee\/rus\/tibukesed\/","title":{"rendered":"\u0426\u044b\u043f\u043b\u044f\u0442\u0430"},"content":{"rendered":"<table class=\" aligncenter\" style=\"width: 650px;\" cellspacing=\"0\" cellpadding=\"0\">\n<tbody>\n<tr>\n<td style=\"width: 650px; height: 140px; text-align: center; font-size: 32px; font-family: 'Comfortaa', cursive; \/* line-height: 161px; *\/ background: url('http:\/\/www.lenta.ee\/potsataja\/bg_top.png'); vertical-align: middle;\" rowspan=\"2\"><strong><br \/>\n\u0413\u0440\u0443\u043f\u043f\u0430 \u201e\u0426\u044b\u043f\u043b\u044f\u0442\u0430\u201c (4-7 \u043b\u0435\u0442)<a href=\"https:\/\/potsataja.edu.ee\/rus\/wp-content\/uploads\/2015\/08\/logo-5.png\" rel=\"attachment wp-att-812\"><img loading=\"lazy\" decoding=\"async\" class=\"aligncenter size-full wp-image-812\" src=\"https:\/\/potsataja.edu.ee\/rus\/wp-content\/uploads\/2015\/08\/logo-5.png\" alt=\"logo\" width=\"300\" height=\"300\" srcset=\"https:\/\/potsataja.edu.ee\/rus\/wp-content\/uploads\/2015\/08\/logo-5.png 300w, https:\/\/potsataja.edu.ee\/rus\/wp-content\/uploads\/2015\/08\/logo-5-150x150.png 150w\" sizes=\"(max-width: 300px) 100vw, 300px\" \/><\/a><\/strong><\/p>\n<table class=\" aligncenter\" style=\"width: 72.1415%; font-size: 12px; font-family: Verdana, cursive; height: 37px;\">\n<tbody>\n<tr style=\"height: 161px;\">\n<td style=\"width: 35.7896%; height: 161px;\"><\/td>\n<td style=\"width: 34.643%; height: 161px;\"><\/td>\n<td style=\"width: 41.5858%; height: 161px;\"><\/td>\n<\/tr>\n<tr style=\"height: 34px;\">\n<td style=\"text-align: center; width: 35.7896%; height: 34px;\"><\/td>\n<td style=\"text-align: center; width: 34.643%; height: 34px;\"><\/td>\n<td style=\"text-align: center; width: 41.5858%; height: 34px;\"><\/td>\n<\/tr>\n<\/tbody>\n<\/table>\n<div style=\"font-size: 12px;\">\n<h3 class=\"western\"><strong>\u041f\u0435\u0440\u0441\u043e\u043d\u0430\u043b \u0433\u0440\u0443\u043f\u043f\u044b<\/strong><\/h3>\n\n<table id=\"tablepress-56\" class=\"tablepress tablepress-id-56\">\n<tbody class=\"row-striping row-hover\">\n<tr class=\"row-1\">\n\t<td class=\"column-1\">\u0423\u0447\u0438\u0442\u0435\u043b\u044c<\/td><td class=\"column-2\">\u0418\u0440\u0438\u043d\u0430 \u0429\u0435\u043f\u043e\u0442\u044c\u0435\u0432\u0430<\/td>\n<\/tr>\n<tr class=\"row-2\">\n\t<td class=\"column-1\">\u0423\u0447\u0438\u0442\u0435\u043b\u044c<\/td><td class=\"column-2\">\u0410\u043d\u0430\u0441\u0442\u0430\u0441\u0438\u044f \u041a\u043e\u0437\u043b\u043e\u0432\u0430<\/td>\n<\/tr>\n<tr class=\"row-3\">\n\t<td class=\"column-1\">\u041f\u043e\u043c\u043e\u0449\u043d\u0438\u043a \u0443\u0447\u0438\u0442\u0435\u043b\u044f<\/td><td class=\"column-2\">\u0412\u0435\u0440\u043e\u043d\u0438\u043a\u0430\u00a0 \u041c\u044f\u043a\u0438\u043d\u0435\u043d\u00a0<\/td>\n<\/tr>\n<\/tbody>\n<\/table>\n<!-- #tablepress-56 from cache -->\n<h3 class=\"western\"><b>\u0420\u0435\u0436\u0438\u043c \u0434\u043d\u044f<\/b><\/h3>\n<p class=\"western\"><span style=\"font-size: small;\">\n<table id=\"tablepress-46\" class=\"tablepress tablepress-id-46\">\n<thead>\n<tr class=\"row-1\">\n\t<th class=\"column-1\"><strong>\u0420\u0435\u0436\u0438\u043c \u0434\u043d\u044f<\/strong><\/th><td class=\"column-2\"><\/td><th class=\"column-3\"><strong>P\u00e4evakava<\/strong><\/th>\n<\/tr>\n<\/thead>\n<tbody class=\"row-striping row-hover\">\n<tr class=\"row-2\">\n\t<td class=\"column-1\">\u041f\u0440\u0438\u0451\u043c, \u043e\u0441\u043c\u043e\u0442\u0440 \u0434\u0435\u0442\u0435\u0439, \u0438\u0433\u0440\u044b<\/td><td class=\"column-2\">6.30 \u2013 8.10<\/td><td class=\"column-3\">Vastuv\u00f5tmine, m\u00e4ngud<\/td>\n<\/tr>\n<tr class=\"row-3\">\n\t<td class=\"column-1\">\u0423\u0442\u0440\u0435\u043d\u043d\u044f\u044f \u0433\u0438\u043c\u043d\u0430\u0441\u0442\u0438\u043a\u0430<\/td><td class=\"column-2\">8.10 \u2013 8.15<\/td><td class=\"column-3\">V\u00f5imlemine<\/td>\n<\/tr>\n<tr class=\"row-4\">\n\t<td class=\"column-1\">\u0417\u0430\u0432\u0442\u0440\u0430\u043a<\/td><td class=\"column-2\">8.15 \u2013 8.45<\/td><td class=\"column-3\">Hommikueine<\/td>\n<\/tr>\n<tr class=\"row-5\">\n\t<td class=\"column-1\">\u0421\u0432\u043e\u0431\u043e\u0434\u043d\u0430\u044f \u0434\u0435\u044f\u0442\u0435\u043b\u044c\u043d\u043e\u0441\u0442\u044c,<br \/>\n\u0438\u0433\u0440\u044b<\/td><td class=\"column-2\">8. 45 \u2013 9.00<\/td><td class=\"column-3\">Vabategevus, m\u00e4ngud<\/td>\n<\/tr>\n<tr class=\"row-6\">\n\t<td class=\"column-1\">\u0417\u0430\u043d\u044f\u0442\u0438\u044f<\/td><td class=\"column-2\">9.00 \u2013 9.50<\/td><td class=\"column-3\">Tegevused<\/td>\n<\/tr>\n<tr class=\"row-7\">\n\t<td class=\"column-1\">\u041f\u043e\u0434\u0433\u043e\u0442\u043e\u0432\u043a\u0430 \u043a \u043f\u0440\u043e\u0433\u0443\u043b\u043a\u0435, \u043f\u0440\u043e\u0433\u0443\u043b\u043a\u0430<\/td><td class=\"column-2\">9.50 \u2013 11.30<\/td><td class=\"column-3\">Ettevalmistamine <br \/>\njalutusk\u00e4iguks, jalutusk\u00e4ik<\/td>\n<\/tr>\n<tr class=\"row-8\">\n\t<td class=\"column-1\">\u0412\u043e\u0437\u0432\u0440\u0430\u0449\u0435\u043d\u0438\u0435 \u0441 \u043f\u0440\u043e\u0433\u0443\u043b\u043a\u0438<\/td><td class=\"column-2\">11.30 \u2013 11.45<\/td><td class=\"column-3\">Tagasitulek jalutusk\u00e4igult<\/td>\n<\/tr>\n<tr class=\"row-9\">\n\t<td class=\"column-1\">\u041e\u0431\u0435\u0434<\/td><td class=\"column-2\">11.45 \u2013 12.25<\/td><td class=\"column-3\">L\u00f5una<br \/>\n<\/td>\n<\/tr>\n<tr class=\"row-10\">\n\t<td class=\"column-1\">\u0421\u043e\u043d<\/td><td class=\"column-2\">12.25 - 15.00<\/td><td class=\"column-3\">Uni<\/td>\n<\/tr>\n<tr class=\"row-11\">\n\t<td class=\"column-1\">\u041f\u043e\u0441\u0442\u0435\u043f\u0435\u043d\u043d\u044b\u0439 \u043f\u043e\u0434\u044a\u0451\u043c, \u0438\u0433\u0440\u044b<\/td><td class=\"column-2\">15.00 \u2013 15.35<\/td><td class=\"column-3\">\u00dclest\u00f5usmine, m\u00e4ngud<\/td>\n<\/tr>\n<tr class=\"row-12\">\n\t<td class=\"column-1\">\u041f\u043e\u043b\u0434\u043d\u0438\u043a<\/td><td class=\"column-2\">15.35 \u2013 16.05<\/td><td class=\"column-3\">\u00d5htuoode<\/td>\n<\/tr>\n<tr class=\"row-13\">\n\t<td class=\"column-1\">\u0421\u0432\u043e\u0431\u043e\u0434\u043d\u0430\u044f \u0434\u0435\u044f\u0442\u0435\u043b\u044c\u043d\u043e\u0441\u0442\u044c,  \u0438\u0433\u0440\u044b<\/td><td class=\"column-2\">16.05 \u2013 16.45<\/td><td class=\"column-3\">Vabategevus, m\u00e4ngud<\/td>\n<\/tr>\n<tr class=\"row-14\">\n\t<td class=\"column-1\">\u041f\u0440\u043e\u0433\u0443\u043b\u043a\u0430<\/td><td class=\"column-2\">16.45 \u2013 17.30<\/td><td class=\"column-3\">Jalutusk\u00e4ik<\/td>\n<\/tr>\n<tr class=\"row-15\">\n\t<td class=\"column-1\">\u0421\u0432\u043e\u0431\u043e\u0434\u043d\u0430\u044f \u0434\u0435\u044f\u0442\u0435\u043b\u044c\u043d\u043e\u0441\u0442\u044c, \u0443\u0445\u043e\u0434 \u0434\u043e\u043c\u043e\u0439<\/td><td class=\"column-2\">17.30 - 18.30<\/td><td class=\"column-3\">Vabategevus, kojuminek<\/td>\n<\/tr>\n<\/tbody>\n<\/table>\n<!-- #tablepress-46 from cache --><\/span><\/p>\n<p style=\"font-size: 20px; font-family: 'Comfortaa', cursive;\"><strong>\u0420\u0430\u0441\u043f\u0438\u0441\u0430\u043d\u0438\u0435 \u0437\u0430\u043d\u044f\u0442\u0438\u0439<\/strong><\/p>\n<p class=\"western\">\n<table id=\"tablepress-31\" class=\"tablepress tablepress-id-31\">\n<thead>\n<tr class=\"row-1\">\n\t<th class=\"column-1\"><strong>\u0420\u0430\u0441\u043f\u0438\u0441\u0430\u043d\u0438\u0435 \u0437\u0430\u043d\u044f\u0442\u0438\u0439<\/strong><\/th><td class=\"column-2\"><\/td><th class=\"column-3\"><strong>\u00d5ppetegevused<\/strong><\/th>\n<\/tr>\n<\/thead>\n<tbody class=\"row-striping row-hover\">\n<tr class=\"row-2\">\n\t<td class=\"column-1\"><strong>\u041f\u043e\u043d\u0435\u0434\u0435\u043b\u044c\u043d\u0438\u043a<\/strong><br \/>\r\n\u041c\u0443\u0437\u044b\u043a\u0430<br \/>\r\n\u042f\u0437\u044b\u043a \u0438 \u0440\u0435\u0447\u044c\/\u042f \u0438 \u0441\u0440\u0435\u0434\u0430<\/td><td class=\"column-2\">.<br \/>\r\n9:00<br \/>\r\n9:30<\/td><td class=\"column-3\"><strong>Esmasp\u00e4ev<\/strong><br \/>\r\nMuusika<br \/>\r\nKeel ja k\u00f5ne\/Mina ja keskkond<br \/>\r\n<\/td>\n<\/tr>\n<tr class=\"row-3\">\n\t<td class=\"column-1\"><strong>\u0412\u0442\u043e\u0440\u043d\u0438\u043a<\/strong><br \/>\r\n\u042f\u0437\u044b\u043a \u0438 \u0440\u0435\u0447\u044c<br \/>\r\n\u0414\u0432\u0438\u0436\u0435\u043d\u0438\u0435<\/td><td class=\"column-2\">.<br \/>\r\n9:00<br \/>\r\n9.35<\/td><td class=\"column-3\"><strong>Teisip\u00e4ev<\/strong><br \/>\r\nKeel ja k\u00f5ne<br \/>\r\nLiikumine<\/td>\n<\/tr>\n<tr class=\"row-4\">\n\t<td class=\"column-1\"><strong>\u0421\u0440\u0435\u0434\u0430<\/strong><br \/>\r\n\u041c\u0430\u0442\u0435\u043c\u0430\u0442\u0438\u043a\u0430<br \/>\r\n\u0418\u0441\u043a\u0443\u0441\u0441\u0442\u0432\u043e<\/td><td class=\"column-2\">.<br \/>\r\n9:00<br \/>\r\n9:30<\/td><td class=\"column-3\"><strong>Kolmap\u00e4ev<\/strong><br \/>\r\nMatemaatika<br \/>\r\nKunst<\/td>\n<\/tr>\n<tr class=\"row-5\">\n\t<td class=\"column-1\"><strong>\u0427\u0435\u0442\u0432\u0435\u0440\u0433<\/strong><br \/>\r\n\u041c\u0430\u0442\u0435\u043c\u0430\u0442\u0438\u043a\u0430<br \/>\r\n\u041c\u0443\u0437\u044b\u043a\u0430<br \/>\r\n\u042d\u0441\u0442\u043e\u043d\u0441\u043a\u0438\u0439 \u044f\u0437\u044b\u043a \u0447\u0435\u0440\u0435\u0437 \u043c\u0443\u0437\u044b\u043a\u0443<\/td><td class=\"column-2\">.<br \/>\r\n9:00<br \/>\r\n9:30<br \/>\r\n11.40<\/td><td class=\"column-3\"><strong>Neljap\u00e4ev<\/strong><br \/>\r\nMatemaatika<br \/>\r\nMuusika<br \/>\r\nEesti keel l\u00e4bi muusika<\/td>\n<\/tr>\n<tr class=\"row-6\">\n\t<td class=\"column-1\"><strong>\u041f\u044f\u0442\u043d\u0438\u0446\u0430<\/strong><br \/>\r\n\u0414\u0432\u0438\u0436\u0435\u043d\u0438\u0435<br \/>\r\n\u0418\u0441\u043a\u0443\u0441\u0441\u0442\u0432\u043e<br \/>\r\n\u042f\u0437\u044b\u043a \u0438 \u0440\u0435\u0447\u044c (\u0413\u0440\u0430\u043c\u043c\u0430\u0442\u0438\u043a\u0430)<br \/>\r\n<\/td><td class=\"column-2\">.<br \/>\r\n9:00<br \/>\r\n9.30<br \/>\r\n15.20<\/td><td class=\"column-3\"><strong>Reede<\/strong><br \/>\r\nLiikumine<br \/>\r\nKunst<br \/>\r\nKeel ja k\u00f5ne (Grammatika)<br \/>\r\n<\/td>\n<\/tr>\n<\/tbody>\n<\/table>\n<!-- #tablepress-31 from cache --><\/p>\n<\/div>\n<\/td>\n<\/tr>\n<\/tbody>\n<tbody>\n<tr>\n<td style=\"width: 650px; height: 301px; text-align: center; font-size: 32px; font-family: 'Comfortaa', cursive; \/* line-height: 161px; *\/ background: url('http:\/\/www.lenta.ee\/potsataja\/footer.png'); vertical-align: middle;\" rowspan=\"2\"><\/td>\n<\/tr>\n<\/tbody>\n<\/table>\n","protected":false},"excerpt":{"rendered":"<p>\u0413\u0440\u0443\u043f\u043f\u0430 \u201e\u0426\u044b\u043f\u043b\u044f\u0442\u0430\u201c (4-7 \u043b\u0435\u0442) \u041f\u0435\u0440\u0441\u043e\u043d\u0430\u043b \u0433\u0440\u0443\u043f\u043f\u044b \u0420\u0435\u0436\u0438\u043c \u0434\u043d\u044f \u0420\u0430\u0441\u043f\u0438\u0441\u0430\u043d\u0438\u0435 \u0437\u0430\u043d\u044f\u0442\u0438\u0439<\/p>\n","protected":false},"author":1,"featured_media":0,"parent":0,"menu_order":0,"comment_status":"open","ping_status":"closed","template":"","meta":{"footnotes":""},"_links":{"self":[{"href":"https:\/\/potsataja.edu.ee\/rus\/wp-json\/wp\/v2\/pages\/266"}],"collection":[{"href":"https:\/\/potsataja.edu.ee\/rus\/wp-json\/wp\/v2\/pages"}],"about":[{"href":"https:\/\/potsataja.edu.ee\/rus\/wp-json\/wp\/v2\/types\/page"}],"author":[{"embeddable":true,"href":"https:\/\/potsataja.edu.ee\/rus\/wp-json\/wp\/v2\/users\/1"}],"replies":[{"embeddable":true,"href":"https:\/\/potsataja.edu.ee\/rus\/wp-json\/wp\/v2\/comments?post=266"}],"version-history":[{"count":41,"href":"https:\/\/potsataja.edu.ee\/rus\/wp-json\/wp\/v2\/pages\/266\/revisions"}],"predecessor-version":[{"id":5443,"href":"https:\/\/potsataja.edu.ee\/rus\/wp-json\/wp\/v2\/pages\/266\/revisions\/5443"}],"wp:attachment":[{"href":"https:\/\/potsataja.edu.ee\/rus\/wp-json\/wp\/v2\/media?parent=266"}],"curies":[{"name":"wp","href":"https:\/\/api.w.org\/{rel}","templated":true}]}}