{"id":3566,"date":"2019-02-10T11:46:37","date_gmt":"2019-02-10T08:46:37","guid":{"rendered":"http:\/\/potsataja.edu.ee\/rus\/?page_id=3566"},"modified":"2023-08-28T09:55:54","modified_gmt":"2023-08-28T06:55:54","slug":"%d0%b7%d0%b0%d1%89%d0%b8%d1%82%d0%b0-%d0%b4%d0%b0%d0%bd%d0%bd%d1%8b%d1%85","status":"publish","type":"page","link":"https:\/\/potsataja.edu.ee\/rus\/%d0%b7%d0%b0%d1%89%d0%b8%d1%82%d0%b0-%d0%b4%d0%b0%d0%bd%d0%bd%d1%8b%d1%85\/","title":{"rendered":"\u0417\u0430\u0449\u0438\u0442\u0430 \u0434\u0430\u043d\u043d\u044b\u0445"},"content":{"rendered":"<p>&nbsp;<\/p>\n<ol>\n<li><a href=\"https:\/\/www.narva.ee\/ru\/andmekaitsetingimused\" target=\"_blank\" rel=\"noopener\">Narva linna asutuste andmekaitsetingimused<\/a><\/li>\n<li><a href=\"https:\/\/potsataja.edu.ee\/wp-content\/uploads\/2022\/02\/La-Potsataja-andmekaitsetingimused.pdf\" target=\"_blank\" rel=\"noopener\">La Potsataja andmekaitsetingimused<\/a><\/li>\n<li><a href=\"https:\/\/potsataja.edu.ee\/wp-content\/uploads\/2022\/02\/Nousolek-isikuandmete-tootlemiseks.pdf\" target=\"_blank\" rel=\"noopener\">N\u00f5usolek isikuandmete t\u00f6\u00f6tlemiseks<\/a><\/li>\n<li><a href=\"https:\/\/potsataja.edu.ee\/wp-content\/uploads\/2022\/02\/C\u043e\u0433\u043b\u0430\u0441\u0438\u0435-\u0440\u043e\u0434\u0438\u0442\u0435\u043b\u044f-\u043d\u0430-\u043e\u0431\u0440\u0430\u0431\u043e\u0442\u043a\u0443-\u043b\u0438\u0447\u043d\u044b\u0445-\u0434\u0430\u043d\u043d\u044b\u0445.pdf\" target=\"_blank\" rel=\"noopener\">C\u043e\u0433\u043b\u0430\u0441\u0438\u0435 \u0440\u043e\u0434\u0438\u0442\u0435\u043b\u044f \u043d\u0430 \u043e\u0431\u0440\u0430\u0431\u043e\u0442\u043a\u0443 \u043b\u0438\u0447\u043d\u044b\u0445 \u0434\u0430\u043d\u043d\u044b\u0445<\/a><\/li>\n<\/ol>\n<p>&nbsp;<\/p>\n<p>\u0421 \u0433\u043e\u0440\u043e\u0434\u0441\u043a\u0438\u043c \u0441\u043f\u0435\u0446\u0438\u0430\u043b\u0438\u0441\u0442\u043e\u043c \u043f\u043e \u0437\u0430\u0449\u0438\u0442\u0435 \u0434\u0430\u043d\u043d\u044b\u0445 \u043c\u043e\u0436\u043d\u043e \u0441\u0432\u044f\u0437\u0430\u0442\u044c\u0441\u044f \u043f\u043e \u044d\u043b\u0435\u043a\u0442\u0440\u043e\u043d\u043d\u043e\u0439 \u043f\u043e\u0447\u0442\u0435 <a href=\"mailto:andmekaitse@narva.ee\">andmekaitse@narva.ee<\/a>.<\/p>\n","protected":false},"excerpt":{"rendered":"<p>&nbsp; Narva linna asutuste andmekaitsetingimused La Potsataja andmekaitsetingimused N\u00f5usolek isikuandmete t\u00f6\u00f6tlemiseks C\u043e\u0433\u043b\u0430\u0441\u0438\u0435 \u0440\u043e\u0434\u0438\u0442\u0435\u043b\u044f \u043d\u0430 \u043e\u0431\u0440\u0430\u0431\u043e\u0442\u043a\u0443 \u043b\u0438\u0447\u043d\u044b\u0445 \u0434\u0430\u043d\u043d\u044b\u0445 &nbsp; \u0421 \u0433\u043e\u0440\u043e\u0434\u0441\u043a\u0438\u043c \u0441\u043f\u0435\u0446\u0438\u0430\u043b\u0438\u0441\u0442\u043e\u043c \u043f\u043e \u0437\u0430\u0449\u0438\u0442\u0435 \u0434\u0430\u043d\u043d\u044b\u0445 \u043c\u043e\u0436\u043d\u043e \u0441\u0432\u044f\u0437\u0430\u0442\u044c\u0441\u044f \u043f\u043e \u044d\u043b\u0435\u043a\u0442\u0440\u043e\u043d\u043d\u043e\u0439 \u043f\u043e\u0447\u0442\u0435 andmekaitse@narva.ee.<\/p>\n","protected":false},"author":1,"featured_media":0,"parent":0,"menu_order":0,"comment_status":"closed","ping_status":"closed","template":"","meta":{"footnotes":""},"_links":{"self":[{"href":"https:\/\/potsataja.edu.ee\/rus\/wp-json\/wp\/v2\/pages\/3566"}],"collection":[{"href":"https:\/\/potsataja.edu.ee\/rus\/wp-json\/wp\/v2\/pages"}],"about":[{"href":"https:\/\/potsataja.edu.ee\/rus\/wp-json\/wp\/v2\/types\/page"}],"author":[{"embeddable":true,"href":"https:\/\/potsataja.edu.ee\/rus\/wp-json\/wp\/v2\/users\/1"}],"replies":[{"embeddable":true,"href":"https:\/\/potsataja.edu.ee\/rus\/wp-json\/wp\/v2\/comments?post=3566"}],"version-history":[{"count":6,"href":"https:\/\/potsataja.edu.ee\/rus\/wp-json\/wp\/v2\/pages\/3566\/revisions"}],"predecessor-version":[{"id":5363,"href":"https:\/\/potsataja.edu.ee\/rus\/wp-json\/wp\/v2\/pages\/3566\/revisions\/5363"}],"wp:attachment":[{"href":"https:\/\/potsataja.edu.ee\/rus\/wp-json\/wp\/v2\/media?parent=3566"}],"curies":[{"name":"wp","href":"https:\/\/api.w.org\/{rel}","templated":true}]}}