{"id":5400,"date":"2023-09-15T14:50:06","date_gmt":"2023-09-15T11:50:06","guid":{"rendered":"https:\/\/potsataja.edu.ee\/rus\/?page_id=5400"},"modified":"2023-09-30T17:11:42","modified_gmt":"2023-09-30T14:11:42","slug":"%d0%b1%d0%be%d0%b6%d1%8c%d0%b8-%d0%ba%d0%be%d1%80%d0%be%d0%b2%d0%ba%d0%b8","status":"publish","type":"page","link":"https:\/\/potsataja.edu.ee\/rus\/%d0%b1%d0%be%d0%b6%d1%8c%d0%b8-%d0%ba%d0%be%d1%80%d0%be%d0%b2%d0%ba%d0%b8\/","title":{"rendered":"\u0411\u043e\u0436\u044c\u0438 \u043a\u043e\u0440\u043e\u0432\u043a\u0438"},"content":{"rendered":"<table class=\" aligncenter\" style=\"width: 650px;\" cellspacing=\"0\" cellpadding=\"0\">\n<tbody>\n<tr>\n<td style=\"width: 650px; height: 140px; text-align: center; font-size: 32px; font-family: 'Comfortaa', cursive; \/* line-height: 161px; *\/ background: url('http:\/\/www.lenta.ee\/potsataja\/bg_top.png'); vertical-align: middle;\" rowspan=\"2\"><strong><strong><br \/>\n\u0413\u0440\u0443\u043f\u043f\u0430 \u201e\u0411\u043e\u0436\u044c\u0438 \u043a\u043e\u0440\u043e\u0432\u043a\u0438\u201c (1-2 \u0433\u043e\u0434\u0430)<\/strong><\/strong><\/p>\n<p><a href=\"https:\/\/potsataja.edu.ee\/rus\/wp-content\/uploads\/2023\/09\/360_F_500089297_P2wkndhgovQCZm9L8Zj2hkjlqEaE7zry-1.jpg\"><img loading=\"lazy\" decoding=\"async\" class=\"alignnone  wp-image-5441\" src=\"https:\/\/potsataja.edu.ee\/rus\/wp-content\/uploads\/2023\/09\/360_F_500089297_P2wkndhgovQCZm9L8Zj2hkjlqEaE7zry-1-300x200.jpg\" alt=\"\" width=\"356\" height=\"237\" srcset=\"https:\/\/potsataja.edu.ee\/rus\/wp-content\/uploads\/2023\/09\/360_F_500089297_P2wkndhgovQCZm9L8Zj2hkjlqEaE7zry-1-300x200.jpg 300w, https:\/\/potsataja.edu.ee\/rus\/wp-content\/uploads\/2023\/09\/360_F_500089297_P2wkndhgovQCZm9L8Zj2hkjlqEaE7zry-1.jpg 540w\" sizes=\"(max-width: 356px) 100vw, 356px\" \/><\/a><\/p>\n<table class=\" aligncenter\" style=\"width: 65.5968%; font-size: 12px; font-family: Verdana, cursive; height: 46px;\">\n<tbody>\n<tr style=\"height: 190px;\">\n<td style=\"width: 33.1369%; height: 191px;\"><\/td>\n<td style=\"width: 31.4171%; height: 191px;\"><\/td>\n<td style=\"width: 32.3944%; height: 191px;\"><\/td>\n<\/tr>\n<tr style=\"height: 50px;\">\n<td style=\"text-align: center; width: 33.1369%; height: 50px;\"><\/td>\n<td style=\"text-align: center; width: 31.4171%; height: 50px;\"><\/td>\n<td style=\"text-align: center; width: 32.3944%; height: 50px;\"><\/td>\n<\/tr>\n<\/tbody>\n<\/table>\n<div style=\"font-size: 12px;\">\n<p style=\"font-size: 20px; font-family: 'Comfortaa', cursive;\"><strong>\u041f\u0435\u0440\u0441\u043e\u043d\u0430\u043b \u0433\u0440\u0443\u043f\u043f\u044b<\/strong><\/p>\n\n<table id=\"tablepress-61\" class=\"tablepress tablepress-id-61\">\n<thead>\n<tr class=\"row-1\">\n\t<th class=\"column-1\">\u0423\u0447\u0438\u0442\u0435\u043b\u044c<\/th><th class=\"column-2\">\u0415\u043b\u0435\u043d\u0430 \u0416\u0443\u043a\u043e\u0432\u0430<\/th>\n<\/tr>\n<\/thead>\n<tbody class=\"row-striping row-hover\">\n<tr class=\"row-2\">\n\t<td class=\"column-1\">\u0423\u0447\u0438\u0442\u0435\u043b\u044c<\/td><td class=\"column-2\">\u0421\u0432\u0435\u0442\u043b\u0430\u043d\u0430 \u0413\u0443\u0434\u0437<\/td>\n<\/tr>\n<tr class=\"row-3\">\n\t<td class=\"column-1\">\u041f\u043e\u043c\u043e\u0449\u043d\u0438\u043a \u0443\u0447\u0438\u0442\u0435\u043b\u044f<\/td><td class=\"column-2\">\u0418\u0440\u0438\u043d\u0430 \u041a\u0443\u043b\u0438\u043a\u043e\u0432\u0430<\/td>\n<\/tr>\n<\/tbody>\n<\/table>\n<!-- #tablepress-61 from cache -->\n<p style=\"font-size: 20px; font-family: 'Comfortaa', cursive;\"><strong>\u0420\u0435\u0436\u0438\u043c \u0434\u043d\u044f<\/strong><\/p>\n\n<table id=\"tablepress-41\" class=\"tablepress tablepress-id-41\">\n<thead>\n<tr class=\"row-1\">\n\t<th class=\"column-1\"><strong>\u0420\u0435\u0436\u0438\u043c \u0434\u043d\u044f<\/strong><\/th><td class=\"column-2\"><\/td><th class=\"column-3\"><strong>P\u00e4evakava<\/strong><\/th>\n<\/tr>\n<\/thead>\n<tbody class=\"row-striping row-hover\">\n<tr class=\"row-2\">\n\t<td class=\"column-1\">\u041f\u0440\u0438\u0451\u043c, \u043e\u0441\u043c\u043e\u0442\u0440 \u0434\u0435\u0442\u0435\u0439, \u0438\u0433\u0440\u044b<\/td><td class=\"column-2\">7.00 \u2013 8.00<\/td><td class=\"column-3\">Laste vastuv\u00f5tt, m\u00e4ngud<\/td>\n<\/tr>\n<tr class=\"row-3\">\n\t<td class=\"column-1\">\u0423\u0442\u0440\u0435\u043d\u043d\u044f\u044f \u0433\u0438\u043c\u043d\u0430\u0441\u0442\u0438\u043a\u0430<\/td><td class=\"column-2\">8.00 \u2013 8.10<\/td><td class=\"column-3\">V\u00f5imlemine<\/td>\n<\/tr>\n<tr class=\"row-4\">\n\t<td class=\"column-1\">\u0417\u0430\u0432\u0442\u0440\u0430\u043a<\/td><td class=\"column-2\">8.10 \u2013 8.40 <\/td><td class=\"column-3\">Hommikueine<\/td>\n<\/tr>\n<tr class=\"row-5\">\n\t<td class=\"column-1\">\u0421\u0432\u043e\u0431\u043e\u0434\u043d\u0430\u044f \u0434\u0435\u044f\u0442\u0435\u043b\u044c\u043d\u043e\u0441\u0442\u044c, \u0438\u0433\u0440\u044b<\/td><td class=\"column-2\">8.40\u2013 9.00 <\/td><td class=\"column-3\">Vabategevus, m\u00e4ngud<\/td>\n<\/tr>\n<tr class=\"row-6\">\n\t<td class=\"column-1\">\u0417\u0430\u043d\u044f\u0442\u0438\u044f<\/td><td class=\"column-2\">9.00 \u2013 9.35<\/td><td class=\"column-3\">Tegevused<\/td>\n<\/tr>\n<tr class=\"row-7\">\n\t<td class=\"column-1\">\u041f\u043e\u0434\u0433\u043e\u0442\u043e\u0432\u043a\u0430 \u043a \u043f\u0440\u043e\u0433\u0443\u043b\u043a\u0435, \u043f\u0440\u043e\u0433\u0443\u043b\u043a\u0430<br \/>\n<\/td><td class=\"column-2\">9.35 \u2013 11.10<\/td><td class=\"column-3\">Ettevalmistamine <br \/>\njalutusk\u00e4iguks, jalutusk\u00e4ik<\/td>\n<\/tr>\n<tr class=\"row-8\">\n\t<td class=\"column-1\">\u0412\u043e\u0437\u0432\u0440\u0430\u0449\u0435\u043d\u0438\u0435 \u0441 \u043f\u0440\u043e\u0433\u0443\u043b\u043a\u0438<\/td><td class=\"column-2\">11.10 \u2013 11.35<\/td><td class=\"column-3\">Tagasitulek jalutusk\u00e4igult<\/td>\n<\/tr>\n<tr class=\"row-9\">\n\t<td class=\"column-1\">\u041e\u0431\u0435\u0434<\/td><td class=\"column-2\">11.35 \u2013 12.15<\/td><td class=\"column-3\">L\u00f5una<\/td>\n<\/tr>\n<tr class=\"row-10\">\n\t<td class=\"column-1\">\u0421\u043e\u043d<\/td><td class=\"column-2\">12.15 - 15.00<\/td><td class=\"column-3\">Uni<\/td>\n<\/tr>\n<tr class=\"row-11\">\n\t<td class=\"column-1\">\u041f\u043e\u0434\u044a\u0451\u043c, \u0438\u0433\u0440\u044b<\/td><td class=\"column-2\">15.00 \u2013 15.30<\/td><td class=\"column-3\">\u00dclest\u00f5usmine, m\u00e4ngud<\/td>\n<\/tr>\n<tr class=\"row-12\">\n\t<td class=\"column-1\">\u041f\u043e\u043b\u0434\u043d\u0438\u043a<\/td><td class=\"column-2\">15.30 \u2013 16.00<br \/>\n<br \/>\n<\/td><td class=\"column-3\">\u00d5htuoode<\/td>\n<\/tr>\n<tr class=\"row-13\">\n\t<td class=\"column-1\">\u0421\u0432\u043e\u0431\u043e\u0434\u043d\u0430\u044f \u0434\u0435\u044f\u0442\u0435\u043b\u044c\u043d\u043e\u0441\u0442\u044c, \u0438\u0433\u0440\u044b<\/td><td class=\"column-2\">16.00 \u2013 16.45<\/td><td class=\"column-3\">Vabategevus, m\u00e4ngud<\/td>\n<\/tr>\n<tr class=\"row-14\">\n\t<td class=\"column-1\">\u041f\u0440\u043e\u0433\u0443\u043b\u043a\u0430<\/td><td class=\"column-2\">16.45 \u2013 17.30<\/td><td class=\"column-3\">Jalutusk\u00e4ik<\/td>\n<\/tr>\n<tr class=\"row-15\">\n\t<td class=\"column-1\">\u0421\u0432\u043e\u0431\u043e\u0434\u043d\u0430\u044f \u0434\u0435\u044f\u0442\u0435\u043b\u044c\u043d\u043e\u0441\u0442\u044c, <br \/>\n\u0438\u0433\u0440\u044b, \u0443\u0445\u043e\u0434 \u0434\u043e\u043c\u043e\u0439<\/td><td class=\"column-2\">17.30 - 18.00<\/td><td class=\"column-3\">Vabategevus, m\u00e4ngud, kojuminek<\/td>\n<\/tr>\n<\/tbody>\n<\/table>\n<!-- #tablepress-41 from cache -->\n<p style=\"font-size: 20px; font-family: 'Comfortaa', cursive;\"><strong>\u0420\u0430\u0441\u043f\u0438\u0441\u0430\u043d\u0438\u0435 \u0437\u0430\u043d\u044f\u0442\u0438\u0439<\/strong><\/p>\n<p class=\"western\">\n<table id=\"tablepress-63\" class=\"tablepress tablepress-id-63\">\n<thead>\n<tr class=\"row-1\">\n\t<th class=\"column-1\"><strong>\u0420\u0430\u0441\u043f\u0438\u0441\u0430\u043d\u0438\u0435 \u0437\u0430\u043d\u044f\u0442\u0438\u0439<\/strong><\/th><td class=\"column-2\"><\/td><th class=\"column-3\"><strong>\u00d5ppetegevused<\/strong><\/th>\n<\/tr>\n<\/thead>\n<tbody class=\"row-striping row-hover\">\n<tr class=\"row-2\">\n\t<td class=\"column-1\"><strong>\u041f\u043e\u043d\u0435\u0434\u0435\u043b\u044c\u043d\u0438\u043a<\/strong><br \/>\n\u042f \u0438 \u0441\u0440\u0435\u0434\u0430<br \/>\n\u0414\u0432\u0438\u0436\u0435\u043d\u0438\u0435<\/td><td class=\"column-2\">.<br \/>\r\n9:05<br \/>\r\n9:25<\/td><td class=\"column-3\"><strong>Esmasp\u00e4ev<\/strong><br \/>\r\nMina ja keskkond<br \/>\r\nLiikumine<br \/>\r\n<\/td>\n<\/tr>\n<tr class=\"row-3\">\n\t<td class=\"column-1\"><strong>\u0412\u0442\u043e\u0440\u043d\u0438\u043a<\/strong><br \/>\r\n\u042f\u0437\u044b\u043a \u0438 \u0440\u0435\u0447\u044c<br \/>\r\n\u041c\u0443\u0437\u044b\u043a\u0430<\/td><td class=\"column-2\">.<br \/>\r\n9:05<br \/>\r\n9:25<\/td><td class=\"column-3\"><strong>Teisip\u00e4ev<\/strong><br \/>\r\nKeel ja k\u00f5ne<br \/>\r\nMuusika<\/td>\n<\/tr>\n<tr class=\"row-4\">\n\t<td class=\"column-1\"><strong>\u0421\u0440\u0435\u0434\u0430<\/strong><br \/>\r\n\u0418\u0441\u043a\u0443\u0441\u0441\u0442\u0432\u043e<br \/>\r\n\u0414\u0432\u0438\u0436\u0435\u043d\u0438\u0435<\/td><td class=\"column-2\">.<br \/>\r\n9:05<br \/>\r\n9:25<\/td><td class=\"column-3\"><strong>Kolmap\u00e4ev<\/strong><br \/>\r\nKunst<br \/>\r\nLiikumine<\/td>\n<\/tr>\n<tr class=\"row-5\">\n\t<td class=\"column-1\"><strong>\u0427\u0435\u0442\u0432\u0435\u0440\u0433<\/strong><br \/>\r\n\u041c\u0430\u0442\u0435\u043c\u0430\u0442\u0438\u043a\u0430<br \/>\r\n\u041c\u0443\u0437\u044b\u043a\u0430<\/td><td class=\"column-2\">.<br \/>\r\n9:05<br \/>\r\n9:25<\/td><td class=\"column-3\"><strong>Neljap\u00e4ev<\/strong><br \/>\r\nMatemaatika<br \/>\r\nMuusika<\/td>\n<\/tr>\n<tr class=\"row-6\">\n\t<td class=\"column-1\"><strong>\u041f\u044f\u0442\u043d\u0438\u0446\u0430<\/strong><br \/>\n\u0418\u0441\u043a\u0443\u0441\u0441\u0442\u0432\u043e<\/td><td class=\"column-2\">.<br \/>\n9:05<\/td><td class=\"column-3\"><strong>Reede<\/strong><br \/>\nKunst<\/td>\n<\/tr>\n<\/tbody>\n<\/table>\n<!-- #tablepress-63 from cache --><\/p>\n<\/div>\n<\/td>\n<\/tr>\n<\/tbody>\n<tbody>\n<tr>\n<td style=\"width: 650px; height: 301px; text-align: center; font-size: 32px; font-family: 'Comfortaa', cursive; \/* line-height: 161px; *\/ background: url('http:\/\/www.lenta.ee\/potsataja\/footer.png'); vertical-align: middle;\" rowspan=\"2\"><\/td>\n<\/tr>\n<\/tbody>\n<\/table>\n","protected":false},"excerpt":{"rendered":"<p>\u0413\u0440\u0443\u043f\u043f\u0430 \u201e\u0411\u043e\u0436\u044c\u0438 \u043a\u043e\u0440\u043e\u0432\u043a\u0438\u201c (1-2 \u0433\u043e\u0434\u0430) \u041f\u0435\u0440\u0441\u043e\u043d\u0430\u043b \u0433\u0440\u0443\u043f\u043f\u044b \u0420\u0435\u0436\u0438\u043c \u0434\u043d\u044f \u0420\u0430\u0441\u043f\u0438\u0441\u0430\u043d\u0438\u0435 \u0437\u0430\u043d\u044f\u0442\u0438\u0439<\/p>\n","protected":false},"author":1,"featured_media":0,"parent":0,"menu_order":0,"comment_status":"closed","ping_status":"closed","template":"","meta":{"footnotes":""},"_links":{"self":[{"href":"https:\/\/potsataja.edu.ee\/rus\/wp-json\/wp\/v2\/pages\/5400"}],"collection":[{"href":"https:\/\/potsataja.edu.ee\/rus\/wp-json\/wp\/v2\/pages"}],"about":[{"href":"https:\/\/potsataja.edu.ee\/rus\/wp-json\/wp\/v2\/types\/page"}],"author":[{"embeddable":true,"href":"https:\/\/potsataja.edu.ee\/rus\/wp-json\/wp\/v2\/users\/1"}],"replies":[{"embeddable":true,"href":"https:\/\/potsataja.edu.ee\/rus\/wp-json\/wp\/v2\/comments?post=5400"}],"version-history":[{"count":6,"href":"https:\/\/potsataja.edu.ee\/rus\/wp-json\/wp\/v2\/pages\/5400\/revisions"}],"predecessor-version":[{"id":5442,"href":"https:\/\/potsataja.edu.ee\/rus\/wp-json\/wp\/v2\/pages\/5400\/revisions\/5442"}],"wp:attachment":[{"href":"https:\/\/potsataja.edu.ee\/rus\/wp-json\/wp\/v2\/media?parent=5400"}],"curies":[{"name":"wp","href":"https:\/\/api.w.org\/{rel}","templated":true}]}}